{"id":339,"date":"2016-11-19T19:11:38","date_gmt":"2016-11-19T19:11:38","guid":{"rendered":"http:\/\/schubert-reisen.de\/?page_id=339"},"modified":"2025-03-31T18:00:05","modified_gmt":"2025-03-31T18:00:05","slug":"kontakt","status":"publish","type":"page","link":"https:\/\/www.schubert-reisen.de\/?page_id=339","title":{"rendered":"Kontakt"},"content":{"rendered":"<p>[et_pb_section fb_built=&#8220;1&#8243; custom_padding_last_edited=&#8220;on|desktop&#8220; admin_label=&#8220;Sektion&#8220; _builder_version=&#8220;4.16&#8243; background_color=&#8220;#026ca3&#8243; custom_padding_tablet=&#8220;50px|0|50px|0&#8243; custom_padding_phone=&#8220;&#8220; transparent_background=&#8220;off&#8220; padding_mobile=&#8220;off&#8220; make_fullwidth=&#8220;off&#8220; use_custom_width=&#8220;off&#8220; width_unit=&#8220;on&#8220; global_colors_info=&#8220;{}&#8220;][et_pb_row padding_mobile=&#8220;off&#8220; column_padding_mobile=&#8220;on&#8220; admin_label=&#8220;Zeile&#8220; _builder_version=&#8220;4.16&#8243; background_size=&#8220;initial&#8220; background_position=&#8220;top_left&#8220; background_repeat=&#8220;repeat&#8220; make_fullwidth=&#8220;off&#8220; use_custom_width=&#8220;off&#8220; width_unit=&#8220;on&#8220; global_colors_info=&#8220;{}&#8220;][et_pb_column type=&#8220;4_4&#8243; _builder_version=&#8220;4.16&#8243; custom_padding=&#8220;|||&#8220; global_colors_info=&#8220;{}&#8220; custom_padding__hover=&#8220;|||&#8220;][et_pb_text admin_label=&#8220;Text&#8220; _builder_version=&#8220;4.16&#8243; text_font_size=&#8220;30&#8243; text_line_height=&#8220;1.4em&#8220; background_size=&#8220;initial&#8220; background_position=&#8220;top_left&#8220; background_repeat=&#8220;repeat&#8220; background_layout=&#8220;dark&#8220; use_border_color=&#8220;off&#8220; border_color=&#8220;#ffffff&#8220; border_style=&#8220;solid&#8220; global_colors_info=&#8220;{}&#8220;]Unsere Kontaktdaten auf einen Blick<br \/>\n[\/et_pb_text][\/et_pb_column][\/et_pb_row][\/et_pb_section][et_pb_section fb_built=&#8220;1&#8243; inner_shadow=&#8220;on&#8220; admin_label=&#8220;section&#8220; _builder_version=&#8220;4.16&#8243; background_color=&#8220;rgba(255,255,255,0)&#8220; transparent_background=&#8220;on&#8220; global_colors_info=&#8220;{}&#8220;][et_pb_row admin_label=&#8220;row&#8220; _builder_version=&#8220;4.16&#8243; background_size=&#8220;initial&#8220; background_position=&#8220;top_left&#8220; background_repeat=&#8220;repeat&#8220; global_colors_info=&#8220;{}&#8220;][et_pb_column type=&#8220;4_4&#8243; _builder_version=&#8220;4.16&#8243; custom_padding=&#8220;|||&#8220; global_colors_info=&#8220;{}&#8220; custom_padding__hover=&#8220;|||&#8220;][et_pb_map address=&#8220;Eduard-Pestel-Stra\u00dfe 1, 49080 Osnabr\u00fcck, Deutschland&#8220; zoom_level=&#8220;16&#8243; address_lat=&#8220;52.2451839&#8243; address_lng=&#8220;8.0350034&#8243; mouse_wheel=&#8220;off&#8220; admin_label=&#8220;Karte&#8220; _builder_version=&#8220;4.18.0&#8243; global_colors_info=&#8220;{}&#8220;][et_pb_map_pin title=&#8220;Schubert Reisen GmbH&#8220; pin_address=&#8220;Eduard-Pestel-Stra\u00dfe 1, 49080 Osnabr\u00fcck, Deutschland&#8220; pin_address_lat=&#8220;52.2451839&#8243; pin_address_lng=&#8220;8.0350034&#8243; _builder_version=&#8220;4.18.0&#8243; global_colors_info=&#8220;{}&#8220;]<\/p>\n<p>Eduard-Pestel-Str. 1<br \/>49080 Osnabr\u00fcck<\/p>\n<p>[\/et_pb_map_pin][\/et_pb_map][\/et_pb_column][\/et_pb_row][et_pb_row column_structure=&#8220;1_2,1_2&#8243; admin_label=&#8220;row&#8220; _builder_version=&#8220;4.16&#8243; background_size=&#8220;initial&#8220; background_position=&#8220;top_left&#8220; background_repeat=&#8220;repeat&#8220; global_colors_info=&#8220;{}&#8220;][et_pb_column type=&#8220;1_2&#8243; _builder_version=&#8220;4.16&#8243; custom_padding=&#8220;|||&#8220; global_colors_info=&#8220;{}&#8220; custom_padding__hover=&#8220;|||&#8220;][et_pb_text admin_label=&#8220;Text&#8220; _builder_version=&#8220;4.16&#8243; background_size=&#8220;initial&#8220; background_position=&#8220;top_left&#8220; background_repeat=&#8220;repeat&#8220; use_border_color=&#8220;off&#8220; border_color=&#8220;#ffffff&#8220; border_style=&#8220;solid&#8220; global_colors_info=&#8220;{}&#8220;]<\/p>\n<p><strong>Schubert Reisen GmbH<\/strong><br \/>Eduard-Pestel-Str. 1<br \/>49080 Osnabr\u00fcck<\/p>\n<p>Telefon: +49 (0)541 99005-0<br \/>info[AT]schubert-reisen[PUNKT]de<\/p>\n<p>Allgemeine \u00d6ffnungszeiten<br \/>montags &#8211; freitags: 10:00 &#8211; 18:00 Uhr<br \/>samstags: 10:00 &#8211; 13:00 Uhr<\/p>\n<p>[\/et_pb_text][\/et_pb_column][et_pb_column type=&#8220;1_2&#8243; _builder_version=&#8220;4.16&#8243; custom_padding=&#8220;|||&#8220; global_colors_info=&#8220;{}&#8220; custom_padding__hover=&#8220;|||&#8220;][et_pb_text admin_label=&#8220;Text&#8220; _builder_version=&#8220;4.16&#8243; background_size=&#8220;initial&#8220; background_position=&#8220;top_left&#8220; background_repeat=&#8220;repeat&#8220; use_border_color=&#8220;off&#8220; border_color=&#8220;#ffffff&#8220; border_style=&#8220;solid&#8220; global_colors_info=&#8220;{}&#8220;]<\/p>\n<p><strong>Service Team<\/strong><br \/> Telefon: +49 (0)541 99005-20<br \/> service-team[AT]schubert-reisen[PUNKT]de<\/p>\n<p><strong>Gesch\u00e4ftsf\u00fchrung<\/strong><br \/> Waldemar Schubert<br \/> w.schubert[AT]schubert-reisen[PUNKT]de<\/p>\n<p>Waldemar Schubert jun.<br \/> w.schubert.jr[AT]schubert-reisen[PUNKT]de<\/p>\n<p>[\/et_pb_text][\/et_pb_column][\/et_pb_row][\/et_pb_section][et_pb_section fb_built=&#8220;1&#8243; custom_padding_last_edited=&#8220;on|desktop&#8220; admin_label=&#8220;section&#8220; _builder_version=&#8220;3.22&#8243; background_color=&#8220;#cfcfd1&#8243; custom_padding_tablet=&#8220;50px|0|50px|0&#8243; custom_padding_phone=&#8220;&#8220; transparent_background=&#8220;off&#8220; padding_mobile=&#8220;off&#8220; make_fullwidth=&#8220;off&#8220; use_custom_width=&#8220;off&#8220; width_unit=&#8220;on&#8220; global_module=&#8220;263&#8243; global_colors_info=&#8220;{}&#8220;][et_pb_row column_structure=&#8220;1_4,1_4,1_4,1_4&#8243; admin_label=&#8220;row&#8220; _builder_version=&#8220;4.16&#8243; background_size=&#8220;initial&#8220; background_position=&#8220;top_left&#8220; background_repeat=&#8220;repeat&#8220; global_colors_info=&#8220;{}&#8220;][et_pb_column type=&#8220;1_4&#8243; _builder_version=&#8220;4.16&#8243; custom_padding=&#8220;|||&#8220; global_colors_info=&#8220;{}&#8220; custom_padding__hover=&#8220;|||&#8220;][et_pb_text admin_label=&#8220;Text&#8220; _builder_version=&#8220;4.16&#8243; background_size=&#8220;initial&#8220; background_position=&#8220;top_left&#8220; background_repeat=&#8220;repeat&#8220; use_border_color=&#8220;off&#8220; border_color=&#8220;#ffffff&#8220; border_style=&#8220;solid&#8220; global_colors_info=&#8220;{}&#8220;]<\/p>\n<p><strong>Navigation<\/strong><br \/>\n<a href=\"https:\/\/www.schubert-reisen.de\/?page_id=379\">AGB<\/a><br \/>\n<a href=\"https:\/\/www.schubert-reisen.de\/?page_id=360\">Impressum<\/a><br \/>\n<a href=\"https:\/\/www.schubert-reisen.de\/?page_id=1288\">Datenschutz<\/a><br \/>\n<a href=\"https:\/\/www.schubert-reisen.de\/?page_id=388\">Agenturanmeldung<\/a><\/p>\n<p>[\/et_pb_text][\/et_pb_column][et_pb_column type=&#8220;1_4&#8243; _builder_version=&#8220;4.16&#8243; custom_padding=&#8220;|||&#8220; global_colors_info=&#8220;{}&#8220; custom_padding__hover=&#8220;|||&#8220;][et_pb_text admin_label=&#8220;Text&#8220; _builder_version=&#8220;4.16&#8243; background_size=&#8220;initial&#8220; background_position=&#8220;top_left&#8220; background_repeat=&#8220;repeat&#8220; use_border_color=&#8220;off&#8220; border_color=&#8220;#ffffff&#8220; border_style=&#8220;solid&#8220; global_colors_info=&#8220;{}&#8220;]<\/p>\n<p><strong>Schubert Reisen GmbH<\/strong><\/p>\n<p>Eduard-Pestel-Str. 1<\/p>\n<p>49080 Osnabr\u00fcck<\/p>\n<p>Germany<\/p>\n<p>[\/et_pb_text][\/et_pb_column][et_pb_column type=&#8220;1_4&#8243; _builder_version=&#8220;4.16&#8243; custom_padding=&#8220;|||&#8220; global_colors_info=&#8220;{}&#8220; custom_padding__hover=&#8220;|||&#8220;][et_pb_text admin_label=&#8220;Text&#8220; _builder_version=&#8220;4.16&#8243; background_size=&#8220;initial&#8220; background_position=&#8220;top_left&#8220; background_repeat=&#8220;repeat&#8220; use_border_color=&#8220;off&#8220; border_color=&#8220;#ffffff&#8220; border_style=&#8220;solid&#8220; global_colors_info=&#8220;{}&#8220;]<\/p>\n<p><strong>Wir sind f\u00fcr Sie da<\/strong><\/p>\n<p>+49 (0)541 990050<\/p>\n<p>montags &#8211; freitags: 10 &#8211; 18 Uhr<\/p>\n<p>samstags: 10 &#8211; 13 Uhr<\/p>\n<p>[\/et_pb_text][\/et_pb_column][et_pb_column type=&#8220;1_4&#8243; _builder_version=&#8220;4.16&#8243; custom_padding=&#8220;|||&#8220; global_colors_info=&#8220;{}&#8220; custom_padding__hover=&#8220;|||&#8220;][et_pb_toggle title=&#8220;Online Support&#8220; admin_label=&#8220;pcvisit&#8220; _builder_version=&#8220;4.16&#8243; background_size=&#8220;initial&#8220; background_position=&#8220;top_left&#8220; background_repeat=&#8220;repeat&#8220; use_border_color=&#8220;off&#8220; border_color=&#8220;#ffffff&#8220; border_style=&#8220;solid&#8220; global_colors_info=&#8220;{}&#8220;]<\/p>\n<p><a href=\"https:\/\/nacl.pcvisit.com:443\/stable_update\/v1\/hosted\/jumplink?productid=18&#038;func=download&#038;productrole=guestSetup&#038;companyid=7561116551&#038;gateway=lb3.pcvisit.de\" title=\"Kunden-Modul pcvisit Support 15.0 starten\"><img decoding=\"async\" src=\"https:\/\/bpl.pcvisit.com\/stable_update\/v1\/hosted\/jumplink?func=external_website&#038;langid=de&#038;topic=client_image\" style=\"border: none\" alt=\"Kunden-Modul pcvisit Support 15.0 starten\" \/><\/a><\/p>\n<p>[\/et_pb_toggle][\/et_pb_column][\/et_pb_row][\/et_pb_section]<\/p>\n","protected":false},"excerpt":{"rendered":"<p>Unsere Kontaktdaten auf einen Blick Eduard-Pestel-Str. 149080 Osnabr\u00fcckSchubert Reisen GmbHEduard-Pestel-Str. 149080 Osnabr\u00fcck Telefon: +49 (0)541 99005-0info[AT]schubert-reisen[PUNKT]de Allgemeine \u00d6ffnungszeitenmontags &#8211; freitags: 10:00 &#8211; 18:00 Uhrsamstags: 10:00 &#8211; 13:00 UhrService Team Telefon: +49 (0)541 99005-20 service-team[AT]schubert-reisen[PUNKT]de Gesch\u00e4ftsf\u00fchrung Waldemar Schubert w.schubert[AT]schubert-reisen[PUNKT]de Waldemar Schubert jun. w.schubert.jr[AT]schubert-reisen[PUNKT]deNavigation AGB Impressum Datenschutz AgenturanmeldungSchubert Reisen GmbH Eduard-Pestel-Str. 1 49080 Osnabr\u00fcck GermanyWir sind f\u00fcr [&hellip;]<\/p>\n","protected":false},"author":1,"featured_media":0,"parent":0,"menu_order":0,"comment_status":"closed","ping_status":"closed","template":"","meta":{"_et_pb_use_builder":"on","_et_pb_old_content":"","_et_gb_content_width":"","footnotes":""},"class_list":["post-339","page","type-page","status-publish","hentry"],"_links":{"self":[{"href":"https:\/\/www.schubert-reisen.de\/index.php?rest_route=\/wp\/v2\/pages\/339","targetHints":{"allow":["GET"]}}],"collection":[{"href":"https:\/\/www.schubert-reisen.de\/index.php?rest_route=\/wp\/v2\/pages"}],"about":[{"href":"https:\/\/www.schubert-reisen.de\/index.php?rest_route=\/wp\/v2\/types\/page"}],"author":[{"embeddable":true,"href":"https:\/\/www.schubert-reisen.de\/index.php?rest_route=\/wp\/v2\/users\/1"}],"replies":[{"embeddable":true,"href":"https:\/\/www.schubert-reisen.de\/index.php?rest_route=%2Fwp%2Fv2%2Fcomments&post=339"}],"version-history":[{"count":28,"href":"https:\/\/www.schubert-reisen.de\/index.php?rest_route=\/wp\/v2\/pages\/339\/revisions"}],"predecessor-version":[{"id":3093,"href":"https:\/\/www.schubert-reisen.de\/index.php?rest_route=\/wp\/v2\/pages\/339\/revisions\/3093"}],"wp:attachment":[{"href":"https:\/\/www.schubert-reisen.de\/index.php?rest_route=%2Fwp%2Fv2%2Fmedia&parent=339"}],"curies":[{"name":"wp","href":"https:\/\/api.w.org\/{rel}","templated":true}]}}